{"id":9624,"date":"2024-06-12T16:05:26","date_gmt":"2024-06-12T14:05:26","guid":{"rendered":"https:\/\/test-drive-group.com\/politica-de-privacidad\/"},"modified":"2024-06-12T17:04:32","modified_gmt":"2024-06-12T15:04:32","slug":"politica-de-privacidad","status":"publish","type":"page","link":"https:\/\/test-drive-group.com\/es\/politica-de-privacidad\/","title":{"rendered":"Pol\u00edtica de privacidad"},"content":{"rendered":"\t\t<div data-elementor-type=\"wp-page\" data-elementor-id=\"9624\" class=\"elementor elementor-9624 elementor-9582\">\n\t\t\t\t\t\t<section class=\"elementor-section elementor-top-section elementor-element elementor-element-f8aff3c elementor-section-boxed elementor-section-height-default elementor-section-height-default\" data-id=\"f8aff3c\" data-element_type=\"section\">\n\t\t\t\t\t\t<div class=\"elementor-container elementor-column-gap-default\">\n\t\t\t\t\t<div class=\"elementor-column elementor-col-100 elementor-top-column elementor-element elementor-element-e65c9d6\" data-id=\"e65c9d6\" data-element_type=\"column\">\n\t\t\t<div class=\"elementor-widget-wrap elementor-element-populated\">\n\t\t\t\t\t\t<div class=\"elementor-element elementor-element-22019ec elementor-widget elementor-widget-html\" data-id=\"22019ec\" data-element_type=\"widget\" data-widget_type=\"html.default\">\n\t\t\t\t<div class=\"elementor-widget-container\">\n\t\t\t\t\t<h1 class=\"privacy-policy-h1\">Pol\u00edtica de privacidad<\/h1>\n<br><span>\u00daltima actualizaci\u00f3n: 12-jun-2024<\/span>\n<br><span>Fecha de entrada en vigor 12-Jun-2024<\/span>\n\n\n<p class=\"privacy-policy-p\">\n Esta pol\u00edtica de privacidad describe las pol\u00edticas de\n\n TEST DRIVE MOTOR, S.L.,\n Avenida Diagonal 614 5\u00ba 3\u00aa,\n Barcelona\n  08021,\n Espa\u00f1a,\n email: testdrivebcn@gmail.com,\n tel\u00e9fono: +34934 14 44 32\n\n en la recogida,\n uso y divulgaci\u00f3n de la informaci\u00f3n que recopilamos sobre usted\n cuando utilice nuestro sitio web ( test-drive-group.com ).\n (el \"Servicio\"). Accediendo o utilizando\n el\n Servicio, est\u00e1 dando su consentimiento a la recopilaci\u00f3n, el uso y la\n divulgaci\u00f3n de su informaci\u00f3n de conformidad con esta\n Pol\u00edtica de privacidad. Si no da su consentimiento,\n le rogamos que no acceda al Servicio ni lo utilice.\n<\/p>\n\n<p class=\"privacy-policy-p\">\n Podemos modificar esta Pol\u00edtica de Privacidad en cualquier momento sin\n previo aviso y publicaremos la versi\u00f3n revisada.\n Pol\u00edtica de privacidad del Servicio. La pol\u00edtica revisada\n ser\u00e1 efectiva 180 d\u00edas despu\u00e9s de que\n Pol\u00edtica revisada sea publica en el Servicio y su\n el acceso o uso continuado del Servicio una vez transcurrido dicho plazo\n constituir\u00e1 su aceptaci\u00f3n de la Pol\u00edtica de Privacidad revisada\n Pol\u00edtica. Por ello, le recomendamos que peri\u00f3dicamente\n revise esta p\u00e1gina.\n<\/p>\n\n<ol class=\"privacy-policy-ol\">\n    \n    \n\n    \n    \n\n    \n    <li>\n        <h2 class=\"privacy-policy-h2\">\n Tus derechos:\n        <\/h2>\n        <p class=\"privacy-policy-p\">\n Dependiendo de la ley que se aplique, puede tener\n derecho de acceso y rectificaci\u00f3n o supresi\u00f3n de sus datos\n personales o recibir una copia de sus\n datos, restringir u objeto a la activa\n tratamiento de sus datos, p\u00eddanos que compartamos (puerto)\n sus datos personales a otra entidad,\n retirar cualquier consentimiento que nos haya dado para\n tratamiento de sus datos, derecho a presentar una reclamaci\u00f3n\n con una autoridad estatutaria y los dem\u00e1s derechos\n seg\u00fan proceda en virtud de la legislaci\u00f3n aplicable. A\n ejercer estos derechos, puede escribirnos a\n testdrivebcn@gmail.com.\n Responderemos a su\n solicitud de conformidad con la legislaci\u00f3n aplicable.\n        <\/p>\n\n        \n        <p class=\"privacy-policy-p\">\n Tenga en cuenta que si no nos permite recoger\n o procesar la informaci\u00f3n personal requerida o\n retirar el consentimiento para el tratamiento de los mismos para el\n necesarios, es posible que no pueda acceder a\n o utilizar los servicios para los que su informaci\u00f3n\n se busc\u00f3.\n        <\/p>\n    <\/li>\n        <li>\n        <h2 class=\"privacy-policy-h2\">\n Cookies Etc.\n        <\/h2>\n        <p class=\"privacy-policy-p\">\n\n            \n Para saber m\u00e1s sobre c\u00f3mo utilizamos estos\n y sus opciones en relaci\u00f3n con este seguimiento\n tecnolog\u00edas, consulte nuestra\n            <a href=\"https:\/\/test-drive-group.com\/es\/politica-de-cookies\/\">Pol\u00edtica de cookies.<\/a>\n        <\/p>\n    <\/li>\n    \n    <li>\n        <h2 class=\"privacy-policy-h2\">\n Seguridad:\n        <\/h2>\n        <p class=\"privacy-policy-p\">\n La seguridad de su informaci\u00f3n es importante para\n nosotros y utilizaremos medidas de seguridad razonables.\n para evitar la p\u00e9rdida, el uso indebido o no autorizado\n alteraci\u00f3n de su informaci\u00f3n en virtud de nuestro\n control. Sin embargo, dados los riesgos inherentes\n no puede garantizar una seguridad absoluta y\n en consecuencia, no podemos asegurar ni garantizar la\n seguridad de la informaci\u00f3n que nos transmita\n y lo hace bajo su propia responsabilidad.\n        <\/p>\n    <\/li>\n\n    \n    <li>\n        <h2 class=\"privacy-policy-h2\">\n Responsable de quejas y protecci\u00f3n de datos:\n        <\/h2>\n        <p class=\"privacy-policy-p\">\n Si tiene alguna pregunta o duda sobre el\n tratamiento de su informaci\u00f3n disponible\n con nosotros, puede enviar un correo electr\u00f3nico a nuestro responsable de quejas a\n TEST DRIVE MOTOR, S.L.,\n Avenida Diagonal 614 5\u00ba 3\u00aa,\n email: testdrivebcn@gmail.com.\n Trataremos sus preocupaciones de conformidad con la legislaci\u00f3n aplicable.\n        <\/p>\n    <\/li>\n<\/ol>\n\n<\/p>\t\t\t\t<\/div>\n\t\t\t\t<\/div>\n\t\t\t\t\t<\/div>\n\t\t<\/div>\n\t\t\t\t\t<\/div>\n\t\t<\/section>\n\t\t\t\t<\/div>\n\t\t","protected":false},"excerpt":{"rendered":"<p>Pol\u00edtica de privacidad \u00daltima actualizaci\u00f3n: 12-jun-2024 Fecha de entrada en vigor 12-Jun-2024 Esta pol\u00edtica de privacidad describe las pol\u00edticas de TEST DRIVE MOTOR, S.L., Avenida Diagonal 614 5\u00ba 3\u00aa, Barcelona 08021, Espa\u00f1a, email: testdrivebcn@gmail.com, tel\u00e9fono: +34934 14 44 32 en la&#8230;<\/p>\n","protected":false},"author":1,"featured_media":0,"parent":0,"menu_order":0,"comment_status":"closed","ping_status":"closed","template":"","meta":{"footnotes":""},"class_list":["post-9624","page","type-page","status-publish","hentry"],"_links":{"self":[{"href":"https:\/\/test-drive-group.com\/es\/wp-json\/wp\/v2\/pages\/9624","targetHints":{"allow":["GET"]}}],"collection":[{"href":"https:\/\/test-drive-group.com\/es\/wp-json\/wp\/v2\/pages"}],"about":[{"href":"https:\/\/test-drive-group.com\/es\/wp-json\/wp\/v2\/types\/page"}],"author":[{"embeddable":true,"href":"https:\/\/test-drive-group.com\/es\/wp-json\/wp\/v2\/users\/1"}],"replies":[{"embeddable":true,"href":"https:\/\/test-drive-group.com\/es\/wp-json\/wp\/v2\/comments?post=9624"}],"version-history":[{"count":2,"href":"https:\/\/test-drive-group.com\/es\/wp-json\/wp\/v2\/pages\/9624\/revisions"}],"predecessor-version":[{"id":9635,"href":"https:\/\/test-drive-group.com\/es\/wp-json\/wp\/v2\/pages\/9624\/revisions\/9635"}],"wp:attachment":[{"href":"https:\/\/test-drive-group.com\/es\/wp-json\/wp\/v2\/media?parent=9624"}],"curies":[{"name":"wp","href":"https:\/\/api.w.org\/{rel}","templated":true}]}}